{"id":1495,"date":"2024-11-27T08:04:12","date_gmt":"2024-11-27T08:04:12","guid":{"rendered":"https:\/\/pcra.hr\/?page_id=1495"},"modified":"2025-02-02T17:39:48","modified_gmt":"2025-02-02T17:39:48","slug":"politikaprivatnosti","status":"publish","type":"page","link":"https:\/\/pcra.hr\/es\/politikaprivatnosti\/","title":{"rendered":"Pol\u00edtica de privacidad"},"content":{"rendered":"<div data-elementor-type=\"wp-page\" data-elementor-id=\"1495\" class=\"elementor elementor-1495\">\n\t\t\t\t<div class=\"elementor-element elementor-element-4dc5f1f e-flex e-con-boxed e-con e-parent\" data-id=\"4dc5f1f\" data-element_type=\"container\" data-e-type=\"container\" data-settings=\"{&quot;background_background&quot;:&quot;classic&quot;}\">\n\t\t\t\t\t<div class=\"e-con-inner\">\n\t\t\t\t\t<\/div>\n\t\t\t\t<\/div>\n\t\t<div class=\"elementor-element elementor-element-d87bec1 e-flex e-con-boxed e-con e-parent\" data-id=\"d87bec1\" data-element_type=\"container\" data-e-type=\"container\" data-settings=\"{&quot;background_background&quot;:&quot;classic&quot;}\">\n\t\t\t\t\t<div class=\"e-con-inner\">\n\t\t<div class=\"elementor-element elementor-element-518817b e-con-full e-flex e-con e-child\" data-id=\"518817b\" data-element_type=\"container\" data-e-type=\"container\">\n\t\t\t\t<div class=\"elementor-element elementor-element-5231715 elementor-widget elementor-widget-heading\" data-id=\"5231715\" data-element_type=\"widget\" data-e-type=\"widget\" data-widget_type=\"heading.default\">\n\t\t\t\t<div class=\"elementor-widget-container\">\n\t\t\t\t\t<h2 class=\"elementor-heading-title elementor-size-default\">Pol\u00edtica de privacidad<\/h2>\t\t\t\t<\/div>\n\t\t\t\t<\/div>\n\t\t\t\t<\/div>\n\t\t\t\t\t<\/div>\n\t\t\t\t<\/div>\n\t\t<div class=\"elementor-element elementor-element-c22c1bd e-flex e-con-boxed e-con e-parent\" data-id=\"c22c1bd\" data-element_type=\"container\" data-e-type=\"container\">\n\t\t\t\t\t<div class=\"e-con-inner\">\n\t\t\t\t<div class=\"elementor-element elementor-element-f50d436 elementor-widget elementor-widget-text-editor\" data-id=\"f50d436\" data-element_type=\"widget\" data-e-type=\"widget\" data-widget_type=\"text-editor.default\">\n\t\t\t\t<div class=\"elementor-widget-container\">\n\t\t\t\t\t\t\t\t\t<p><strong>Pol\u00edtica de privacidad de la empresa Professional Construction Recruitment Solutions j.d.o.o.<\/strong><\/p><p class=\"translation-block\">El consentimiento se refiere a todos los datos personales que la empresa Professional Construction Recruitment Solutions j.d.o.o. puede recopilar en determinadas situaciones al visitar los sitios web de la empresa, registrarse en la base de datos de candidatos de PCRA y otras notificaciones, contactar con la empresa en el contexto de la cooperaci\u00f3n comercial, interactuar con Professional Construction Recruitment Solutions j.d.o.o. como usuario comercial, proveedor, empleador, socio comercial, entre otros. Esto incluye, entre otras cosas, los datos personales recopilados en l\u00ednea o fuera de l\u00ednea.<\/p><p class=\"translation-block\">Con el fin de ejercer el derecho a la protecci\u00f3n de datos personales, de acuerdo con el Reglamento General de Protecci\u00f3n de Datos (Reglamento (UE) 2016\/679 del PARLAMENTO EUROPEO Y DEL CONSEJO, de 27 de abril de 2016, relativo a la protecci\u00f3n de las personas en lo que respecta al tratamiento de datos personales y a la libre circulaci\u00f3n de estos datos, y por el que se deroga la Directiva 95\/46\/CE), solicitamos su consentimiento para el uso de sus datos personales.<\/p><p><strong>Le pedimos que lea cuidadosamente este documento para que est\u00e9 informado sobre las condiciones y formas de uso de sus datos personales por parte de la empresa Professional Construction Recruitment Solutions j.d.o.o., como responsable del tratamiento de los datos personales.<\/strong><\/p><p>\u00a0<\/p><p><strong>Prop\u00f3sito de la recopilaci\u00f3n de datos personales<\/strong><\/p><p>En nuestros contactos con usted, podemos solicitar que comparta sus datos personales con los siguientes fines:<\/p><ul><li class=\"translation-block\">Recibir informaci\u00f3n sobre servicios, oportunidades de empleo, cooperaci\u00f3n comercial y novedades de la empresa Professional Construction Recruitment Solutions j.d.o.o.<\/li><li>Prop\u00f3sito de empleo potencial en la empresa o intermediaci\u00f3n para el empleo con terceros.<\/li><li class=\"translation-block\">Participaci\u00f3n en actividades en l\u00ednea de la empresa Professional Construction Recruitment Solutions j.d.o.o., incluidos nuestros canales en redes sociales.<\/li><li class=\"translation-block\">Almacenamiento de sus datos para futuras interacciones y comunicaciones con la empresa Professional Construction Recruitment Solutions j.d.o.o.<\/li><li>Ayuda en el desarrollo de nuestros servicios y portafolio adaptados a usted, as\u00ed como su mejora continua.<\/li><li class=\"translation-block\">Permitir que la empresa Professional Construction Recruitment Solutions j.d.o.o. le mantenga informado regularmente sobre servicios y novedades relacionadas con la actividad principal de la empresa.<\/li><li class=\"translation-block\">Resolver problemas operativos relacionados con el trabajo de Professional Construction Recruitment Solutions j.d.o.o. con nuestros clientes y\/o problemas en la prestaci\u00f3n de servicios en los que usted est\u00e9 involucrado.<\/li><li>Recibir mensajes personalizados, ofertas especiales y contenido basado en sus intereses, seg\u00fan la informaci\u00f3n que haya compartido con nosotros.<\/li><\/ul><p class=\"translation-block\">Al interactuar con Professional Construction Recruitment Solutions j.d.o.o. como empleado, cliente comercial, proveedor o socio comercial, le pediremos que comparta sus datos personales para los siguientes fines:<\/p><ul><li>Empleo en Professional Construction Recruitment Solutions j.d.o.o. con el fin de enviar trabajadores a terceros y\/o intermediaci\u00f3n en la contrataci\u00f3n de trabajadores con terceros.<\/li><li>Garantizar el acceso a la informaci\u00f3n.<\/li><li>Comunicaci\u00f3n y gesti\u00f3n de relaciones con clientes.<\/li><li class=\"translation-block\">Responder a preguntas o resolver solicitudes de servicios y\/o consultas generales relacionadas con la relaci\u00f3n laboral y comercial con Professional Construction Recruitment Solutions j.d.o.o.<\/li><li>Cumplir con obligaciones legales hacia las autoridades gubernamentales en t\u00e9rminos de informaci\u00f3n sobre el estado de las relaciones contractuales.<\/li><li>Ejecuci\u00f3n de servicios.<\/li><li>Procesamiento de la informaci\u00f3n proporcionada por los candidatos.<\/li><li>Almacenamiento de su CV despu\u00e9s de finalizar una postulaci\u00f3n.<\/li><li>Selecci\u00f3n de candidatos.<\/li><\/ul><p class=\"translation-block\">Datos personales que Professional Construction Recruitment Solutions j.d.o.o. puede recopilar.<\/p><p class=\"translation-block\">Al interactuar con la empresa Professional Construction Recruitment Solutions j.d.o.o. por correo postal, entrega personal de datos, correo electr\u00f3nico, tel\u00e9fono, mensajes SMS, WhatsApp y\/o otras aplicaciones, sitios web o redes sociales, podemos solicitar o recibir ciertos datos como:<\/p><ul><li>Nombre y apellido.<\/li><li>Direcci\u00f3n de correo electr\u00f3nico.<\/li><li>N\u00famero de tel\u00e9fono.<\/li><li>Datos contenidos en el curr\u00edculum vitae.<\/li><li>Perfil en redes sociales.<\/li><li>Informaci\u00f3n sobre intereses y preferencias.<\/li><li class=\"translation-block\">Otras informaciones sobre sus preferencias personales relacionadas con las actividades de Professional Construction Recruitment Solutions j.d.o.o., que incluyen tambi\u00e9n el comportamiento en l\u00ednea.<\/li><\/ul><p>Tambi\u00e9n, mediante cookies o tecnolog\u00edas similares, podemos recopilar datos personales, que incluyen, entre otros:<\/p><ul><li>Direcci\u00f3n IP.<\/li><li>ID de la cookie.<\/li><li>Navegador web utilizado.<\/li><\/ul><p class=\"translation-block\">Es importante tener en cuenta que Professional Construction Recruitment Solutions j.d.o.o. no realiza un perfilado automatizado de los datos recopilados en l\u00ednea, excepto en los casos relacionados con la actividad principal de la empresa (como la selecci\u00f3n de candidatos para puestos de trabajo).<\/p><p class=\"translation-block\">Cuando se comunica con Professional Construction Recruitment Solutions j.d.o.o. como cliente comercial, proveedor o socio comercial, podemos recopilar los siguientes datos:<\/p><ul><li>Nombre y apellido.<\/li><li>Direcci\u00f3n de correo electr\u00f3nico.<\/li><li>N\u00famero de tel\u00e9fono.<\/li><li>Direcci\u00f3n comercial.<\/li><li>Nombre y direcci\u00f3n de la empresa para la que trabaja.<\/li><li>Funci\u00f3n dentro de la empresa y departamento.<\/li><li>Detalles personales que puedan ser relevantes para la relaci\u00f3n comercial, como su experiencia profesional, entre otros.<\/li><\/ul><p><strong>M\u00e9todos de recopilaci\u00f3n de datos personales<\/strong><\/p><p class=\"translation-block\">Los datos personales pueden ser compartidos con Professional Construction Recruitment Solutions j.d.o.o. a trav\u00e9s de (sin limitaci\u00f3n a):<\/p><ul><li class=\"translation-block\">Comunicaci\u00f3n con la empresa Professional Construction Recruitment Solutions j.d.o.o. (puede estar relacionada con un servicio, solicitud o pregunta que nos haya enviado).<\/li><li class=\"translation-block\">Comunicaci\u00f3n con cualquier empleado de Professional Construction Recruitment Solutions j.d.o.o. por correo electr\u00f3nico, tel\u00e9fono, mensaje o de forma escrita u oral.<\/li><li>Solicitud de servicios.<\/li><li>Uso del sitio web y sus funcionalidades.<\/li><li>Solicitar recibir mensajes en su dispositivo m\u00f3vil.<\/li><li class=\"translation-block\">Seguimiento en redes sociales: Professional Construction Recruitment Solutions j.d.o.o. puede buscar contenido relevante y p\u00fablicamente accesible en Internet para mejorar sus servicios, resolver consultas de clientes y proporcionar contenido de marketing dirigido.<\/li><\/ul><p><strong>Compartir datos personales con terceros<\/strong><\/p><p class=\"translation-block\">Sus datos personales pueden ser compartidos con proveedores de servicios, socios comerciales y otras partes, de acuerdo con la legislaci\u00f3n aplicable y los acuerdos comerciales que tengamos con tales entidades. En ciertos casos, cuando la ley no lo exija, sus datos personales pueden ser enviados a terceros como servicios de contabilidad, empresas que proporcionan software para el registro de clientes, empresas que analizan preferencias en nuestro sitio web, empresas que realizan evaluaciones y pruebas, servicios de entrega, entre otros. Professional Construction Recruitment Solutions j.d.o.o. confirma que ha informado a todos los proveedores (terceros) con los que trabaja que tambi\u00e9n deben cumplir con el RGPD y que los datos personales que no est\u00e9n sujetos a obligaciones legales deben tratarse mediante un contrato de transferencia y procesamiento de datos personales (contrato DPA), en el cual se especifican claramente las obligaciones del proveedor para tratar los datos personales conforme a la ley y otras normativas aplicables, as\u00ed como que deben implementar medidas de protecci\u00f3n de datos adecuadas.<\/p><p><strong>Derechos que tiene<\/strong><\/p><p>Queremos conocerlo mejor para poder ofrecerle un mejor servicio, respetando siempre su elecci\u00f3n en cuanto al uso de sus datos personales.<\/p><ul><li class=\"translation-block\">Consentimiento: Puede ser requerido para dar su consentimiento para la recopilaci\u00f3n y uso de sus datos.<\/li><li class=\"translation-block\">Derecho de eliminaci\u00f3n: Puede solicitar la eliminaci\u00f3n de todos los datos personales que haya dado previamente para su uso.<\/li><li class=\"translation-block\">Portabilidad de los datos: Tiene la opci\u00f3n de transferir sus datos personales de un sistema electr\u00f3nico a otro sin impedir que el controlador de datos lo haga.<\/li><li class=\"translation-block\">Revocaci\u00f3n del consentimiento: Tiene derecho a revocar total o parcialmente su consentimiento sin consecuencias y solicitar la cesaci\u00f3n de la recopilaci\u00f3n, procesamiento y compartici\u00f3n de sus datos personales con terceros, as\u00ed como de las actividades de marketing dirigidas hacia usted.<\/li><li class=\"translation-block\">Derecho a la restricci\u00f3n del procesamiento de datos: Si disputa la exactitud de los datos personales, solicita restringir su uso mientras se verifica su exactitud, si el procesamiento es ilegal y prefiere la restricci\u00f3n del uso en lugar de la eliminaci\u00f3n, o si los datos ya no son necesarios para el procesamiento pero los necesita para establecer, ejercer o defender reclamaciones legales.<\/li><\/ul><p>\u00a0<\/p><p><strong>Protecci\u00f3n de datos personales<\/strong><\/p><p class=\"translation-block\">Professional Construction Recruitment Solutions j.d.o.o. ha implementado una serie de medidas t\u00e9cnicas y organizativas de protecci\u00f3n de datos personales, basadas en la normativa ISO\/IEC 27001:2013, para proteger los documentos de oficina, las computadoras, las relaciones contractuales con proveedores externos y otras \u00e1reas relacionadas.<\/p><p><strong>Redes sociales<\/strong><\/p><p>Si es miembro de redes sociales como Facebook, Twitter, Instagram, LinkedIn, etc., debe estar al tanto de las herramientas que dichas plataformas proporcionan y c\u00f3mo compartir sus datos personales en estos perfiles.<\/p><p><strong>Ni\u00f1os y menores de edad<\/strong><\/p><p class=\"translation-block\">Professional Construction Recruitment Solutions j.d.o.o. no interact\u00faa de ninguna forma con ni\u00f1os o menores de edad sin la autorizaci\u00f3n expl\u00edcita de sus padres o tutores legales.<\/p><p>Para m\u00e1s informaci\u00f3n, cont\u00e1ctenos por correo electr\u00f3nico a <a rel=\"noopener\">info@pcra.hr<\/a>.<\/p>\t\t\t\t\t\t\t\t<\/div>\n\t\t\t\t<\/div>\n\t\t\t\t\t<\/div>\n\t\t\t\t<\/div>\n\t\t\t\t<\/div>","protected":false},"excerpt":{"rendered":"<p>Politika od privatnosti Politika privatnosti tvrtke Professional Construction Recruitment Solutions j.d.o.o. Pristanak se odnosi na sve osobne podatke koje tvrtka Professional Construction Recruitment Solutions j.d.o.o. mo\u017ee prikupiti u odre\u0111enim situacijama prilikom posjeta web-stranicama tvrtke, registracije u bazi podataka kandidata PCRA i drugih obavijesti, kontaktiranja s tvrtkom u kontekstu poslovne suradnje, interakcije s Professional Construction Recruitment [&hellip;]<\/p>\n","protected":false},"author":1,"featured_media":0,"parent":0,"menu_order":0,"comment_status":"closed","ping_status":"closed","template":"","meta":{"site-sidebar-layout":"no-sidebar","site-content-layout":"page-builder","ast-site-content-layout":"full-width-container","site-content-style":"unboxed","site-sidebar-style":"unboxed","ast-global-header-display":"","ast-banner-title-visibility":"","ast-main-header-display":"","ast-hfb-above-header-display":"","ast-hfb-below-header-display":"","ast-hfb-mobile-header-display":"","site-post-title":"disabled","ast-breadcrumbs-content":"disabled","ast-featured-img":"disabled","footer-sml-layout":"","ast-disable-related-posts":"","theme-transparent-header-meta":"enabled","adv-header-id-meta":"","stick-header-meta":"","header-above-stick-meta":"","header-main-stick-meta":"","header-below-stick-meta":"","astra-migrate-meta-layouts":"set","ast-page-background-enabled":"default","ast-page-background-meta":{"desktop":{"background-color":"","background-image":"","background-repeat":"repeat","background-position":"center center","background-size":"auto","background-attachment":"scroll","background-type":"","background-media":"","overlay-type":"","overlay-color":"","overlay-opacity":"","overlay-gradient":""},"tablet":{"background-color":"","background-image":"","background-repeat":"repeat","background-position":"center center","background-size":"auto","background-attachment":"scroll","background-type":"","background-media":"","overlay-type":"","overlay-color":"","overlay-opacity":"","overlay-gradient":""},"mobile":{"background-color":"","background-image":"","background-repeat":"repeat","background-position":"center center","background-size":"auto","background-attachment":"scroll","background-type":"","background-media":"","overlay-type":"","overlay-color":"","overlay-opacity":"","overlay-gradient":""}},"ast-content-background-meta":{"desktop":{"background-color":"var(--ast-global-color-5)","background-image":"","background-repeat":"repeat","background-position":"center center","background-size":"auto","background-attachment":"scroll","background-type":"","background-media":"","overlay-type":"","overlay-color":"","overlay-opacity":"","overlay-gradient":""},"tablet":{"background-color":"var(--ast-global-color-5)","background-image":"","background-repeat":"repeat","background-position":"center center","background-size":"auto","background-attachment":"scroll","background-type":"","background-media":"","overlay-type":"","overlay-color":"","overlay-opacity":"","overlay-gradient":""},"mobile":{"background-color":"var(--ast-global-color-5)","background-image":"","background-repeat":"repeat","background-position":"center center","background-size":"auto","background-attachment":"scroll","background-type":"","background-media":"","overlay-type":"","overlay-color":"","overlay-opacity":"","overlay-gradient":""}},"footnotes":""},"class_list":["post-1495","page","type-page","status-publish","hentry"],"_links":{"self":[{"href":"https:\/\/pcra.hr\/es\/wp-json\/wp\/v2\/pages\/1495","targetHints":{"allow":["GET"]}}],"collection":[{"href":"https:\/\/pcra.hr\/es\/wp-json\/wp\/v2\/pages"}],"about":[{"href":"https:\/\/pcra.hr\/es\/wp-json\/wp\/v2\/types\/page"}],"author":[{"embeddable":true,"href":"https:\/\/pcra.hr\/es\/wp-json\/wp\/v2\/users\/1"}],"replies":[{"embeddable":true,"href":"https:\/\/pcra.hr\/es\/wp-json\/wp\/v2\/comments?post=1495"}],"version-history":[{"count":9,"href":"https:\/\/pcra.hr\/es\/wp-json\/wp\/v2\/pages\/1495\/revisions"}],"predecessor-version":[{"id":2850,"href":"https:\/\/pcra.hr\/es\/wp-json\/wp\/v2\/pages\/1495\/revisions\/2850"}],"wp:attachment":[{"href":"https:\/\/pcra.hr\/es\/wp-json\/wp\/v2\/media?parent=1495"}],"curies":[{"name":"wp","href":"https:\/\/api.w.org\/{rel}","templated":true}]}}